{"id":3012,"date":"2019-12-17T21:43:35","date_gmt":"2019-12-17T23:43:35","guid":{"rendered":"https:\/\/katinonamai.lt\/produktas\/luxucat-cat-tree-sk19\/"},"modified":"2019-12-17T21:43:35","modified_gmt":"2019-12-17T23:43:35","slug":"luxucat-cat-tree-sk19","status":"publish","type":"product","link":"https:\/\/katinonamai.lt\/en\/product\/luxucat-cat-tree-sk19\/","title":{"rendered":"Luxucat cat tree SK19"},"content":{"rendered":"<p>&#8220;LUXUCAT&#8221; luxury cat trees, made in Lithuania, are known for their top quality, durability, longevity, and unique style. The cat trees come with a 5-year warranty against breakage. <strong>Dimensions: <\/strong>Height: 170 cm. Base: 60 x 60 x 4 cm. Round beds with and without edges, from the bottom: 42 cm each. Double Hammock: Top part; external dimensions: 53 x 53 cm, internal dimensions: 33 x 36 cm or 36 x 53 cm with edges. Wooden nest on top (round, with a fabric hammock hanging from a wooden frame): 50 cm external diameter, 40 cm internal diameter. Bottom part: 57 x 40 cm.       <\/p>\n","protected":false},"excerpt":{"rendered":"<p>Prabangi laipyn\u0117 i\u0161 lakuotos faneros su nuimamomis pagalv\u0117mis skalbimui. <\/p>\n<ul>\n<li>The wooden parts can be disinfected with appropriate liquid cleaning agents.<\/li>\n<li>Reinforced joints.<\/li>\n<li>Thick 4 cm base.<\/li>\n<li>Thick scratching posts wrapped in 10 mm cotton rope.<\/li>\n<\/ul>\n","protected":false},"featured_media":1984,"comment_status":"open","ping_status":"closed","template":"","meta":[],"product_brand":[],"product_cat":[224,258],"product_tag":[314,297,295,293,294],"class_list":{"0":"post-3012","1":"product","2":"type-product","3":"status-publish","4":"has-post-thumbnail","6":"product_cat-for-kittens","7":"product_cat-scratching-tree","8":"product_tag-cat-house","9":"product_tag-scratching","10":"product_tag-scratching-house","11":"product_tag-scratching-tree","12":"product_tag-scratching-tree-en","14":"first","15":"instock","16":"shipping-taxable","17":"purchasable","18":"product-type-simple"},"_links":{"self":[{"href":"https:\/\/katinonamai.lt\/en\/wp-json\/wp\/v2\/product\/3012","targetHints":{"allow":["GET"]}}],"collection":[{"href":"https:\/\/katinonamai.lt\/en\/wp-json\/wp\/v2\/product"}],"about":[{"href":"https:\/\/katinonamai.lt\/en\/wp-json\/wp\/v2\/types\/product"}],"replies":[{"embeddable":true,"href":"https:\/\/katinonamai.lt\/en\/wp-json\/wp\/v2\/comments?post=3012"}],"wp:featuredmedia":[{"embeddable":true,"href":"https:\/\/katinonamai.lt\/en\/wp-json\/wp\/v2\/media\/1984"}],"wp:attachment":[{"href":"https:\/\/katinonamai.lt\/en\/wp-json\/wp\/v2\/media?parent=3012"}],"wp:term":[{"taxonomy":"product_brand","embeddable":true,"href":"https:\/\/katinonamai.lt\/en\/wp-json\/wp\/v2\/product_brand?post=3012"},{"taxonomy":"product_cat","embeddable":true,"href":"https:\/\/katinonamai.lt\/en\/wp-json\/wp\/v2\/product_cat?post=3012"},{"taxonomy":"product_tag","embeddable":true,"href":"https:\/\/katinonamai.lt\/en\/wp-json\/wp\/v2\/product_tag?post=3012"}],"curies":[{"name":"wp","href":"https:\/\/api.w.org\/{rel}","templated":true}]}}