{"id":3010,"date":"2022-09-22T06:25:19","date_gmt":"2022-09-22T08:25:19","guid":{"rendered":"https:\/\/katinonamai.lt\/produktas\/luxucat-cat-treeskl1\/"},"modified":"2022-09-22T06:25:19","modified_gmt":"2022-09-22T08:25:19","slug":"luxucat-cat-treeskl1","status":"publish","type":"product","link":"https:\/\/katinonamai.lt\/en\/product\/luxucat-cat-treeskl1\/","title":{"rendered":"Luxucat cat treeSKL1"},"content":{"rendered":"<p>&#8220;LUXUCAT&#8221; Luxury line cat trees, manufactured in Lithuania, feature the highest quality, durability, longevity, and distinctive style. The cat trees come with a 5-year warranty against breakage. <strong>Dimensions: <\/strong>Compact scratching post model suitable for both smaller and larger cats. The spacious 55 cm diameter bed with firm edges will make your cat feel safe and comfortable, while the 80 cm long scratching post is perfect for stretching out and giving a feline manicure.   <\/p>\n","protected":false},"excerpt":{"rendered":"<p>Prabangi laipyn\u0117 i\u0161 lakuotos faneros su nuimamomis pagalv\u0117mis skalbimui. <\/p>\n<ul>\n<li>The wooden parts can be disinfected with appropriate liquid cleaning agents.<\/li>\n<li>Reinforced joints.<\/li>\n<li>Thick 4 cm base.<\/li>\n<li>Thick scratching posts wrapped in 10 mm cotton rope.<\/li>\n<\/ul>\n","protected":false},"featured_media":2000,"comment_status":"open","ping_status":"closed","template":"","meta":[],"product_brand":[],"product_cat":[224,258],"product_tag":[314,297,295,293,294],"class_list":{"0":"post-3010","1":"product","2":"type-product","3":"status-publish","4":"has-post-thumbnail","6":"product_cat-for-kittens","7":"product_cat-scratching-tree","8":"product_tag-cat-house","9":"product_tag-scratching","10":"product_tag-scratching-house","11":"product_tag-scratching-tree","12":"product_tag-scratching-tree-en","14":"first","15":"instock","16":"shipping-taxable","17":"purchasable","18":"product-type-simple"},"_links":{"self":[{"href":"https:\/\/katinonamai.lt\/en\/wp-json\/wp\/v2\/product\/3010","targetHints":{"allow":["GET"]}}],"collection":[{"href":"https:\/\/katinonamai.lt\/en\/wp-json\/wp\/v2\/product"}],"about":[{"href":"https:\/\/katinonamai.lt\/en\/wp-json\/wp\/v2\/types\/product"}],"replies":[{"embeddable":true,"href":"https:\/\/katinonamai.lt\/en\/wp-json\/wp\/v2\/comments?post=3010"}],"wp:featuredmedia":[{"embeddable":true,"href":"https:\/\/katinonamai.lt\/en\/wp-json\/wp\/v2\/media\/2000"}],"wp:attachment":[{"href":"https:\/\/katinonamai.lt\/en\/wp-json\/wp\/v2\/media?parent=3010"}],"wp:term":[{"taxonomy":"product_brand","embeddable":true,"href":"https:\/\/katinonamai.lt\/en\/wp-json\/wp\/v2\/product_brand?post=3010"},{"taxonomy":"product_cat","embeddable":true,"href":"https:\/\/katinonamai.lt\/en\/wp-json\/wp\/v2\/product_cat?post=3010"},{"taxonomy":"product_tag","embeddable":true,"href":"https:\/\/katinonamai.lt\/en\/wp-json\/wp\/v2\/product_tag?post=3010"}],"curies":[{"name":"wp","href":"https:\/\/api.w.org\/{rel}","templated":true}]}}