{"id":3000,"date":"2019-08-22T18:49:48","date_gmt":"2019-08-22T20:49:48","guid":{"rendered":"https:\/\/katinonamai.lt\/produktas\/groomers-goop-conditioner\/"},"modified":"2025-11-25T14:19:40","modified_gmt":"2025-11-25T16:19:40","slug":"groomers-goop-conditioner","status":"publish","type":"product","link":"https:\/\/katinonamai.lt\/en\/product\/groomers-goop-conditioner\/","title":{"rendered":"Groomer&#8217;s Goop conditioner"},"content":{"rendered":"<div class=\"wpb-content-wrapper\"><p>[vc_row row_type=&#8221;row&#8221; use_row_as_full_screen_section=&#8221;no&#8221; type=&#8221;full_width&#8221; text_align=&#8221;left&#8221; css_animation=&#8221;&#8221; css=&#8221;.vc_custom_1498131578183{padding-top: 10px !important;}&#8221;][vc_column][vc_column_text]Groomer&#8217;s Goop Conditioner (can be used daily) deeply conditions and moisturizes the coat, leaving it shiny and looking healthy. Ideal for white cats if the coat starts to yellow. Biodegradable. Recommended for use on pets only. For external use only.[\/vc_column_text][\/vc_column][\/vc_row]<\/p>\n<\/div>","protected":false},"excerpt":{"rendered":"<p>Profesionali riebal\u0173 \u0161alinimo priemon\u0117 skirta kat\u0117ms ir ypa\u010d ilgaplauk\u0117ms. Skirtas ypa\u010d sunkiai i\u0161plaunamiems ne\u0161varumams. Kailis tampa \u0161varus, \u017evilgantis ir purus.  <\/p>\n","protected":false},"featured_media":2450,"comment_status":"closed","ping_status":"closed","template":"","meta":[],"product_brand":[],"product_cat":[219],"product_tag":[329,321,225,346,274,221,223,340,362],"class_list":{"0":"post-3000","1":"product","2":"type-product","3":"status-publish","4":"has-post-thumbnail","6":"product_cat-hygiene","7":"product_tag-bathing","8":"product_tag-conditioner","9":"product_tag-dirt","10":"product_tag-fat","11":"product_tag-groomers-goop-en","12":"product_tag-hygiene","13":"product_tag-maintenance","14":"product_tag-paste","15":"product_tag-shampoon","17":"first","18":"instock","19":"shipping-taxable","20":"purchasable","21":"product-type-variable","22":"has-default-attributes"},"_links":{"self":[{"href":"https:\/\/katinonamai.lt\/en\/wp-json\/wp\/v2\/product\/3000","targetHints":{"allow":["GET"]}}],"collection":[{"href":"https:\/\/katinonamai.lt\/en\/wp-json\/wp\/v2\/product"}],"about":[{"href":"https:\/\/katinonamai.lt\/en\/wp-json\/wp\/v2\/types\/product"}],"replies":[{"embeddable":true,"href":"https:\/\/katinonamai.lt\/en\/wp-json\/wp\/v2\/comments?post=3000"}],"wp:featuredmedia":[{"embeddable":true,"href":"https:\/\/katinonamai.lt\/en\/wp-json\/wp\/v2\/media\/2450"}],"wp:attachment":[{"href":"https:\/\/katinonamai.lt\/en\/wp-json\/wp\/v2\/media?parent=3000"}],"wp:term":[{"taxonomy":"product_brand","embeddable":true,"href":"https:\/\/katinonamai.lt\/en\/wp-json\/wp\/v2\/product_brand?post=3000"},{"taxonomy":"product_cat","embeddable":true,"href":"https:\/\/katinonamai.lt\/en\/wp-json\/wp\/v2\/product_cat?post=3000"},{"taxonomy":"product_tag","embeddable":true,"href":"https:\/\/katinonamai.lt\/en\/wp-json\/wp\/v2\/product_tag?post=3000"}],"curies":[{"name":"wp","href":"https:\/\/api.w.org\/{rel}","templated":true}]}}